{"id":20,"date":"2017-09-14T19:43:14","date_gmt":"2017-09-14T19:43:14","guid":{"rendered":"http:\/\/www.fogoscaramuru.com.br\/site\/?page_id=20"},"modified":"2018-02-27T11:45:08","modified_gmt":"2018-02-27T11:45:08","slug":"advertencia","status":"publish","type":"page","link":"https:\/\/www.fogoscaramuru.com.br\/site\/advertencia\/","title":{"rendered":"Advert\u00eancia"},"content":{"rendered":"<p>&nbsp;<\/p>\n<table border=\"0\" width=\"95%\" cellspacing=\"0\" cellpadding=\"0\">\n<tbody>\n<tr>\n<td width=\"100%\"><small><span style=\"color: #000000; font-family: Verdana;\"><strong>Classifica\u00e7\u00e3o dos Fogos :<br \/>\n<\/strong><br \/>\nClasse\u00a0<strong>A<\/strong>\u00a0: S\u00e3o permitidos para quaisquer idades<br \/>\nClasse\u00a0<strong>B<\/strong>\u00a0: S\u00e3o aconselh\u00e1veis para maiores de 16 anos<br \/>\nClasse\u00a0<strong>C<\/strong>\u00a0: S\u00e3o proibidos para menores de 18 anos<br \/>\nClasse\u00a0<strong>D<\/strong>\u00a0: S\u00e3o permitidos para maiores de 18 anos e a sua queima depende de autoriza\u00e7\u00e3o policial.<\/span><\/small><\/td>\n<\/tr>\n<\/tbody>\n<\/table>\n<p>&nbsp;<\/p>\n<h3>Advert\u00eancias:<\/h3>\n\n<table id=\"tablepress-10\" class=\"tablepress tablepress-id-10\">\n<tbody class=\"row-striping row-hover\">\n<tr class=\"row-1\">\n\t<td class=\"column-1\">Sempre leia e siga as instru\u00e7\u00f5es na embalagem;<\/td>\n<\/tr>\n<tr class=\"row-2\">\n\t<td class=\"column-1\">Sempre use fogos em locais abertos;<\/td>\n<\/tr>\n<tr class=\"row-3\">\n\t<td class=\"column-1\">Sempre armazene fogos em local frio e seco;<\/td>\n<\/tr>\n<tr class=\"row-4\">\n\t<td class=\"column-1\">Sempre solte fogos sob a supervis\u00e3o de adultos e de acordo com a sua idade;<\/td>\n<\/tr>\n<tr class=\"row-5\">\n\t<td class=\"column-1\">Nunca tente reutilizar os fogos que tenham falhado;<\/td>\n<\/tr>\n<tr class=\"row-6\">\n\t<td class=\"column-1\">Nunca atire fogos na dire\u00e7\u00e3o de outras pessoas;<\/td>\n<\/tr>\n<tr class=\"row-7\">\n\t<td class=\"column-1\">Nunca transporte fogos em sua bagagem;<\/td>\n<\/tr>\n<tr class=\"row-8\">\n\t<td class=\"column-1\">Nunca atire fogos de lugares fechados, como carros ou resid\u00eancias;<\/td>\n<\/tr>\n<tr class=\"row-9\">\n\t<td class=\"column-1\">Nunca fa\u00e7a experi\u00eancias, modifique ou tente fazer seus pr\u00f3prios fogos de artif\u00edcio;<\/td>\n<\/tr>\n<tr class=\"row-10\">\n\t<td class=\"column-1\">Nunca utilize fogos ap\u00f3s ingerir BEBIDAS ALCO\u00d3LICAS.<\/td>\n<\/tr>\n<\/tbody>\n<\/table>\n\n","protected":false},"excerpt":{"rendered":"<p>&nbsp; Classifica\u00e7\u00e3o dos Fogos : Classe\u00a0A\u00a0: S\u00e3o permitidos para quaisquer idades Classe\u00a0B\u00a0: S\u00e3o aconselh\u00e1veis para maiores de 16 anos Classe\u00a0C\u00a0: S\u00e3o proibidos para menores de 18 anos Classe\u00a0D\u00a0: S\u00e3o permitidos para maiores de 18 anos e a sua queima depende de autoriza\u00e7\u00e3o policial. &nbsp; Advert\u00eancias:<\/p>\n","protected":false},"author":1,"featured_media":0,"parent":0,"menu_order":0,"comment_status":"closed","ping_status":"closed","template":"","meta":{"footnotes":""},"class_list":["post-20","page","type-page","status-publish","hentry"],"_links":{"self":[{"href":"https:\/\/www.fogoscaramuru.com.br\/site\/wp-json\/wp\/v2\/pages\/20","targetHints":{"allow":["GET"]}}],"collection":[{"href":"https:\/\/www.fogoscaramuru.com.br\/site\/wp-json\/wp\/v2\/pages"}],"about":[{"href":"https:\/\/www.fogoscaramuru.com.br\/site\/wp-json\/wp\/v2\/types\/page"}],"author":[{"embeddable":true,"href":"https:\/\/www.fogoscaramuru.com.br\/site\/wp-json\/wp\/v2\/users\/1"}],"replies":[{"embeddable":true,"href":"https:\/\/www.fogoscaramuru.com.br\/site\/wp-json\/wp\/v2\/comments?post=20"}],"version-history":[{"count":5,"href":"https:\/\/www.fogoscaramuru.com.br\/site\/wp-json\/wp\/v2\/pages\/20\/revisions"}],"predecessor-version":[{"id":176,"href":"https:\/\/www.fogoscaramuru.com.br\/site\/wp-json\/wp\/v2\/pages\/20\/revisions\/176"}],"wp:attachment":[{"href":"https:\/\/www.fogoscaramuru.com.br\/site\/wp-json\/wp\/v2\/media?parent=20"}],"curies":[{"name":"wp","href":"https:\/\/api.w.org\/{rel}","templated":true}]}}